{"id":855,"date":"2025-11-12T05:14:46","date_gmt":"2025-11-12T05:14:46","guid":{"rendered":"https:\/\/saloncabo.com\/?page_id=855"},"modified":"2025-11-19T17:29:13","modified_gmt":"2025-11-19T17:29:13","slug":"unas-acrilicas","status":"publish","type":"page","link":"https:\/\/saloncabo.com\/en\/unas-acrilicas\/","title":{"rendered":"Acrylic Nails"},"content":{"rendered":"<div data-elementor-type=\"wp-page\" data-elementor-id=\"855\" class=\"elementor elementor-855\" data-elementor-post-type=\"page\">\n\t\t\t\t<div class=\"elementor-element elementor-element-303af54 e-flex e-con-boxed e-con e-parent\" data-id=\"303af54\" data-element_type=\"container\" data-settings=\"{&quot;background_background&quot;:&quot;classic&quot;}\">\n\t\t\t\t\t<div class=\"e-con-inner\">\n\t\t<div class=\"elementor-element elementor-element-71595c5 e-con-full e-flex e-con e-child\" data-id=\"71595c5\" data-element_type=\"container\">\n\t\t\t\t<\/div>\n\t\t\t\t\t<\/div>\n\t\t\t\t<\/div>\n\t\t<div class=\"elementor-element elementor-element-6bceef1 e-flex e-con-boxed e-con e-parent\" data-id=\"6bceef1\" data-element_type=\"container\">\n\t\t\t\t\t<div class=\"e-con-inner\">\n\t\t<div class=\"elementor-element elementor-element-0697cc4 e-con-full e-flex e-con e-child\" data-id=\"0697cc4\" data-element_type=\"container\">\n\t\t\t\t<div class=\"elementor-element elementor-element-6944180 elementor-invisible elementor-widget elementor-widget-heading\" data-id=\"6944180\" data-element_type=\"widget\" data-settings=\"{&quot;_animation&quot;:&quot;fadeInUp&quot;}\" data-widget_type=\"heading.default\">\n\t\t\t\t\t<h2 class=\"elementor-heading-title elementor-size-default\">Professional Modern Acrylic Nail Design<\/h2>\t\t\t\t<\/div>\n\t\t\t\t<div class=\"elementor-element elementor-element-2dd8ea8 elementor-widget elementor-widget-text-editor\" data-id=\"2dd8ea8\" data-element_type=\"widget\" data-widget_type=\"text-editor.default\">\n\t\t\t\t\t\t\t\t\t<p data-start=\"70\" data-end=\"336\">Enhance the beauty of your hands with our <strong data-start=\"159\" data-end=\"177\">Acrylic Nails<\/strong> at Modern Salon by Sabrina, Cabo San Lucas. This service offers a long-lasting, elegant finish, fully customized to your style and preferences.<\/p><p data-start=\"338\" data-end=\"572\">Our expert stylists use high-quality products to create strong nails with perfect shape and exceptional shine. Each application is designed to protect your natural nails while looking sophisticated and modern.<\/p><p data-start=\"574\" data-end=\"766\" data-is-last-node=\"\" data-is-only-node=\"\">Ideal for special occasions or for a flawless everyday look, our <strong data-start=\"648\" data-end=\"666\">Acrylic Nails<\/strong> combine art and functionality. Book today and transform your hands with a touch of professional luxury.<\/p>\t\t\t\t\t\t\t\t<\/div>\n\t\t\t\t<div class=\"elementor-element elementor-element-4cd6dad elementor-invisible elementor-widget elementor-widget-button\" data-id=\"4cd6dad\" data-element_type=\"widget\" data-settings=\"{&quot;_animation&quot;:&quot;fadeIn&quot;}\" data-widget_type=\"button.default\">\n\t\t\t\t\t\t\t\t\t\t<a class=\"elementor-button elementor-button-link elementor-size-sm elementor-animation-bob\" href=\"https:\/\/saloncabo.com\/en\/book-now\/\">\n\t\t\t\t\t\t<span class=\"elementor-button-content-wrapper\">\n\t\t\t\t\t\t<span class=\"elementor-button-icon\">\n\t\t\t\t<svg aria-hidden=\"true\" class=\"e-font-icon-svg e-fas-angle-right\" viewbox=\"0 0 256 512\" xmlns=\"http:\/\/www.w3.org\/2000\/svg\"><path d=\"M224.3 273l-136 136c-9.4 9.4-24.6 9.4-33.9 0l-22.6-22.6c-9.4-9.4-9.4-24.6 0-33.9l96.4-96.4-96.4-96.4c-9.4-9.4-9.4-24.6 0-33.9L54.3 103c9.4-9.4 24.6-9.4 33.9 0l136 136c9.5 9.4 9.5 24.6.1 34z\"><\/path><\/svg>\t\t\t<\/span>\n\t\t\t\t\t\t\t\t\t<span class=\"elementor-button-text\">Book Now<\/span>\n\t\t\t\t\t<\/span>\n\t\t\t\t\t<\/a>\n\t\t\t\t\t\t\t\t<\/div>\n\t\t\t\t<\/div>\n\t\t<div class=\"elementor-element elementor-element-c9cdfb1 e-con-full e-flex e-con e-child\" data-id=\"c9cdfb1\" data-element_type=\"container\">\n\t\t\t\t<div class=\"elementor-element elementor-element-3852d7b elementor-widget elementor-widget-image\" data-id=\"3852d7b\" data-element_type=\"widget\" data-widget_type=\"image.default\">\n\t\t\t\t\t\t\t\t\t\t\t\t\t\t\t<img fetchpriority=\"high\" decoding=\"async\" width=\"455\" height=\"455\" src=\"https:\/\/saloncabo.com\/wp-content\/uploads\/2025\/11\/download-2025-11-11T152414.379.webp\" class=\"attachment-large size-large wp-image-570\" alt=\"Dise\u00f1o de u\u00f1as\" srcset=\"https:\/\/saloncabo.com\/wp-content\/uploads\/2025\/11\/download-2025-11-11T152414.379.webp 455w, https:\/\/saloncabo.com\/wp-content\/uploads\/2025\/11\/download-2025-11-11T152414.379-300x300.webp 300w, https:\/\/saloncabo.com\/wp-content\/uploads\/2025\/11\/download-2025-11-11T152414.379-150x150.webp 150w, https:\/\/saloncabo.com\/wp-content\/uploads\/2025\/11\/download-2025-11-11T152414.379-12x12.webp 12w\" sizes=\"(max-width: 455px) 100vw, 455px\" \/>\t\t\t\t\t\t\t\t\t\t\t\t\t\t\t<\/div>\n\t\t\t\t<\/div>\n\t\t\t\t\t<\/div>\n\t\t\t\t<\/div>\n\t\t\t\t<\/div>","protected":false},"excerpt":{"rendered":"<p>Dise\u00f1o Profesional de U\u00f1as Acr\u00edlicas Modernas Realza la belleza de tus manos con nuestras U\u00f1as Acr\u00edlicas en Modern Salon by Sabrina, Cabo San Lucas. Este servicio ofrece un acabado duradero, elegante y completamente personalizado seg\u00fan tu estilo y preferencias. Nuestros expertos estilistas utilizan productos de alta calidad para crear u\u00f1as resistentes, con forma perfecta y [&hellip;]<\/p>","protected":false},"author":2,"featured_media":570,"parent":0,"menu_order":0,"comment_status":"closed","ping_status":"closed","template":"","meta":{"content-type":"","footnotes":""},"class_list":["post-855","page","type-page","status-publish","has-post-thumbnail","hentry"],"_links":{"self":[{"href":"https:\/\/saloncabo.com\/en\/wp-json\/wp\/v2\/pages\/855","targetHints":{"allow":["GET"]}}],"collection":[{"href":"https:\/\/saloncabo.com\/en\/wp-json\/wp\/v2\/pages"}],"about":[{"href":"https:\/\/saloncabo.com\/en\/wp-json\/wp\/v2\/types\/page"}],"author":[{"embeddable":true,"href":"https:\/\/saloncabo.com\/en\/wp-json\/wp\/v2\/users\/2"}],"replies":[{"embeddable":true,"href":"https:\/\/saloncabo.com\/en\/wp-json\/wp\/v2\/comments?post=855"}],"version-history":[{"count":7,"href":"https:\/\/saloncabo.com\/en\/wp-json\/wp\/v2\/pages\/855\/revisions"}],"predecessor-version":[{"id":1108,"href":"https:\/\/saloncabo.com\/en\/wp-json\/wp\/v2\/pages\/855\/revisions\/1108"}],"wp:featuredmedia":[{"embeddable":true,"href":"https:\/\/saloncabo.com\/en\/wp-json\/wp\/v2\/media\/570"}],"wp:attachment":[{"href":"https:\/\/saloncabo.com\/en\/wp-json\/wp\/v2\/media?parent=855"}],"curies":[{"name":"wp","href":"https:\/\/api.w.org\/{rel}","templated":true}]}}