{"id":860,"date":"2025-11-12T05:15:53","date_gmt":"2025-11-12T05:15:53","guid":{"rendered":"https:\/\/saloncabo.com\/?page_id=860"},"modified":"2025-11-19T17:01:47","modified_gmt":"2025-11-19T17:01:47","slug":"remocion-de-acrilico","status":"publish","type":"page","link":"https:\/\/saloncabo.com\/en\/remocion-de-acrilico\/","title":{"rendered":"Acrylic Removal"},"content":{"rendered":"<div data-elementor-type=\"wp-page\" data-elementor-id=\"860\" class=\"elementor elementor-860\" data-elementor-post-type=\"page\">\n\t\t\t\t<div class=\"elementor-element elementor-element-178a14b e-flex e-con-boxed e-con e-parent\" data-id=\"178a14b\" data-element_type=\"container\" data-settings=\"{&quot;background_background&quot;:&quot;classic&quot;}\">\n\t\t\t\t\t<div class=\"e-con-inner\">\n\t\t<div class=\"elementor-element elementor-element-b077446 e-con-full e-flex e-con e-child\" data-id=\"b077446\" data-element_type=\"container\">\n\t\t\t\t<\/div>\n\t\t\t\t\t<\/div>\n\t\t\t\t<\/div>\n\t\t<div class=\"elementor-element elementor-element-4410de2 e-flex e-con-boxed e-con e-parent\" data-id=\"4410de2\" data-element_type=\"container\">\n\t\t\t\t\t<div class=\"e-con-inner\">\n\t\t<div class=\"elementor-element elementor-element-63d73a8 e-con-full e-flex e-con e-child\" data-id=\"63d73a8\" data-element_type=\"container\">\n\t\t\t\t<div class=\"elementor-element elementor-element-6117708 elementor-invisible elementor-widget elementor-widget-heading\" data-id=\"6117708\" data-element_type=\"widget\" data-settings=\"{&quot;_animation&quot;:&quot;fadeInUp&quot;}\" data-widget_type=\"heading.default\">\n\t\t\t\t\t<h2 class=\"elementor-heading-title elementor-size-default\">Professional Acrylic Removal in Cabo<\/h2>\t\t\t\t<\/div>\n\t\t\t\t<div class=\"elementor-element elementor-element-a9ea375 elementor-widget elementor-widget-text-editor\" data-id=\"a9ea375\" data-element_type=\"widget\" data-widget_type=\"text-editor.default\">\n\t\t\t\t\t\t\t\t\t<p data-start=\"65\" data-end=\"330\">Restore the health of your nails with our <strong data-start=\"152\" data-end=\"176\">Acrylic Removal<\/strong> at Modern Salon by Sabrina, Cabo San Lucas. This careful service removes old acrylics without damaging the natural nail, preserving its strength and beauty.<\/p><p data-start=\"332\" data-end=\"595\">Our specialized technicians use precise techniques and high-quality products to ensure a safe and effective process. Each session is designed to provide comfort and flawless results, preparing your nails for a new design or treatment.<\/p><p data-start=\"597\" data-end=\"744\" data-is-last-node=\"\" data-is-only-node=\"\">Trust our expertise for a <strong data-start=\"636\" data-end=\"660\">Acrylic Removal<\/strong> quick and professional service. Book your appointment today and enjoy healthy, beautiful nails.<\/p>\t\t\t\t\t\t\t\t<\/div>\n\t\t\t\t<div class=\"elementor-element elementor-element-a14a055 elementor-invisible elementor-widget elementor-widget-button\" data-id=\"a14a055\" data-element_type=\"widget\" data-settings=\"{&quot;_animation&quot;:&quot;fadeIn&quot;}\" data-widget_type=\"button.default\">\n\t\t\t\t\t\t\t\t\t\t<a class=\"elementor-button elementor-button-link elementor-size-sm elementor-animation-bob\" href=\"https:\/\/saloncabo.com\/en\/book-now\/\">\n\t\t\t\t\t\t<span class=\"elementor-button-content-wrapper\">\n\t\t\t\t\t\t<span class=\"elementor-button-icon\">\n\t\t\t\t<svg aria-hidden=\"true\" class=\"e-font-icon-svg e-fas-angle-right\" viewbox=\"0 0 256 512\" xmlns=\"http:\/\/www.w3.org\/2000\/svg\"><path d=\"M224.3 273l-136 136c-9.4 9.4-24.6 9.4-33.9 0l-22.6-22.6c-9.4-9.4-9.4-24.6 0-33.9l96.4-96.4-96.4-96.4c-9.4-9.4-9.4-24.6 0-33.9L54.3 103c9.4-9.4 24.6-9.4 33.9 0l136 136c9.5 9.4 9.5 24.6.1 34z\"><\/path><\/svg>\t\t\t<\/span>\n\t\t\t\t\t\t\t\t\t<span class=\"elementor-button-text\">Book Now<\/span>\n\t\t\t\t\t<\/span>\n\t\t\t\t\t<\/a>\n\t\t\t\t\t\t\t\t<\/div>\n\t\t\t\t<\/div>\n\t\t<div class=\"elementor-element elementor-element-632efd5 e-con-full e-flex e-con e-child\" data-id=\"632efd5\" data-element_type=\"container\">\n\t\t\t\t<div class=\"elementor-element elementor-element-b1458cf elementor-widget elementor-widget-image\" data-id=\"b1458cf\" data-element_type=\"widget\" data-widget_type=\"image.default\">\n\t\t\t\t\t\t\t\t\t\t\t\t\t\t\t<img fetchpriority=\"high\" decoding=\"async\" width=\"455\" height=\"455\" src=\"https:\/\/saloncabo.com\/wp-content\/uploads\/2025\/11\/download-2025-11-11T152515.394.webp\" class=\"attachment-large size-large wp-image-571\" alt=\"remoci\u00f3n de acr\u00edlico Cabo\" srcset=\"https:\/\/saloncabo.com\/wp-content\/uploads\/2025\/11\/download-2025-11-11T152515.394.webp 455w, https:\/\/saloncabo.com\/wp-content\/uploads\/2025\/11\/download-2025-11-11T152515.394-300x300.webp 300w, https:\/\/saloncabo.com\/wp-content\/uploads\/2025\/11\/download-2025-11-11T152515.394-150x150.webp 150w, https:\/\/saloncabo.com\/wp-content\/uploads\/2025\/11\/download-2025-11-11T152515.394-12x12.webp 12w\" sizes=\"(max-width: 455px) 100vw, 455px\" \/>\t\t\t\t\t\t\t\t\t\t\t\t\t\t\t<\/div>\n\t\t\t\t<\/div>\n\t\t\t\t\t<\/div>\n\t\t\t\t<\/div>\n\t\t\t\t<\/div>","protected":false},"excerpt":{"rendered":"<p>Remoci\u00f3n de Acr\u00edlico Profesional en Cabo Recupera la salud de tus u\u00f1as con nuestra Remoci\u00f3n de Acr\u00edlico en Modern Salon by Sabrina, Cabo San Lucas. Este servicio cuidadoso elimina acr\u00edlicos viejos sin da\u00f1ar la u\u00f1a natural, manteniendo su fuerza y belleza. Nuestros t\u00e9cnicos especializados utilizan t\u00e9cnicas precisas y productos de alta calidad para garantizar un [&hellip;]<\/p>","protected":false},"author":2,"featured_media":571,"parent":0,"menu_order":0,"comment_status":"closed","ping_status":"closed","template":"","meta":{"content-type":"","footnotes":""},"class_list":["post-860","page","type-page","status-publish","has-post-thumbnail","hentry"],"_links":{"self":[{"href":"https:\/\/saloncabo.com\/en\/wp-json\/wp\/v2\/pages\/860","targetHints":{"allow":["GET"]}}],"collection":[{"href":"https:\/\/saloncabo.com\/en\/wp-json\/wp\/v2\/pages"}],"about":[{"href":"https:\/\/saloncabo.com\/en\/wp-json\/wp\/v2\/types\/page"}],"author":[{"embeddable":true,"href":"https:\/\/saloncabo.com\/en\/wp-json\/wp\/v2\/users\/2"}],"replies":[{"embeddable":true,"href":"https:\/\/saloncabo.com\/en\/wp-json\/wp\/v2\/comments?post=860"}],"version-history":[{"count":7,"href":"https:\/\/saloncabo.com\/en\/wp-json\/wp\/v2\/pages\/860\/revisions"}],"predecessor-version":[{"id":1111,"href":"https:\/\/saloncabo.com\/en\/wp-json\/wp\/v2\/pages\/860\/revisions\/1111"}],"wp:featuredmedia":[{"embeddable":true,"href":"https:\/\/saloncabo.com\/en\/wp-json\/wp\/v2\/media\/571"}],"wp:attachment":[{"href":"https:\/\/saloncabo.com\/en\/wp-json\/wp\/v2\/media?parent=860"}],"curies":[{"name":"wp","href":"https:\/\/api.w.org\/{rel}","templated":true}]}}