{"id":865,"date":"2025-11-12T05:17:20","date_gmt":"2025-11-12T05:17:20","guid":{"rendered":"https:\/\/saloncabo.com\/?page_id=865"},"modified":"2025-11-19T15:27:52","modified_gmt":"2025-11-19T15:27:52","slug":"gel-en-una-natural","status":"publish","type":"page","link":"https:\/\/saloncabo.com\/en\/gel-en-una-natural\/","title":{"rendered":"Gel on Natural Nail"},"content":{"rendered":"<div data-elementor-type=\"wp-page\" data-elementor-id=\"865\" class=\"elementor elementor-865\" data-elementor-post-type=\"page\">\n\t\t\t\t<div class=\"elementor-element elementor-element-0d9fd81 e-flex e-con-boxed e-con e-parent\" data-id=\"0d9fd81\" data-element_type=\"container\" data-settings=\"{&quot;background_background&quot;:&quot;classic&quot;}\">\n\t\t\t\t\t<div class=\"e-con-inner\">\n\t\t<div class=\"elementor-element elementor-element-97e2c3f e-con-full e-flex e-con e-child\" data-id=\"97e2c3f\" data-element_type=\"container\">\n\t\t\t\t<\/div>\n\t\t\t\t\t<\/div>\n\t\t\t\t<\/div>\n\t\t<div class=\"elementor-element elementor-element-8a1c128 e-flex e-con-boxed e-con e-parent\" data-id=\"8a1c128\" data-element_type=\"container\">\n\t\t\t\t\t<div class=\"e-con-inner\">\n\t\t<div class=\"elementor-element elementor-element-27d3d2d e-con-full e-flex e-con e-child\" data-id=\"27d3d2d\" data-element_type=\"container\">\n\t\t\t\t<div class=\"elementor-element elementor-element-9c99a26 elementor-invisible elementor-widget elementor-widget-heading\" data-id=\"9c99a26\" data-element_type=\"widget\" data-settings=\"{&quot;_animation&quot;:&quot;fadeInUp&quot;}\" data-widget_type=\"heading.default\">\n\t\t\t\t\t<h2 class=\"elementor-heading-title elementor-size-default\">Long-Lasting Beauty with Natural Nail Gel<\/h2>\t\t\t\t<\/div>\n\t\t\t\t<div class=\"elementor-element elementor-element-e9c504a elementor-widget elementor-widget-text-editor\" data-id=\"e9c504a\" data-element_type=\"widget\" data-widget_type=\"text-editor.default\">\n\t\t\t\t\t\t\t\t\t<p data-start=\"64\" data-end=\"400\">Discover professional care with <strong data-start=\"145\" data-end=\"167\">Gel on Natural Nail<\/strong> at Modern Salon by Sabrina, Cabo San Lucas. This technique enhances the beauty of your nails, providing a shiny, strong, and long-lasting finish. Ideal for keeping your nails healthy and elegant without compromising their natural integrity.<\/p><p data-start=\"402\" data-end=\"618\">Our specialists apply high-quality gel with precision, tailored to each client\u2019s nail shape and style. The <strong data-start=\"520\" data-end=\"542\">Gel on Natural Nail<\/strong> offers flexibility, strength, and a flawless look that lasts for weeks.<\/p><p data-start=\"620\" data-end=\"741\" data-is-last-node=\"\" data-is-only-node=\"\">Enjoy a relaxing experience in our salon and show off perfect nails for any occasion. Book your appointment today.<\/p>\t\t\t\t\t\t\t\t<\/div>\n\t\t\t\t<div class=\"elementor-element elementor-element-c3f8205 elementor-invisible elementor-widget elementor-widget-button\" data-id=\"c3f8205\" data-element_type=\"widget\" data-settings=\"{&quot;_animation&quot;:&quot;fadeIn&quot;}\" data-widget_type=\"button.default\">\n\t\t\t\t\t\t\t\t\t\t<a class=\"elementor-button elementor-button-link elementor-size-sm elementor-animation-bob\" href=\"https:\/\/saloncabo.com\/en\/book-now\/\">\n\t\t\t\t\t\t<span class=\"elementor-button-content-wrapper\">\n\t\t\t\t\t\t<span class=\"elementor-button-icon\">\n\t\t\t\t<svg aria-hidden=\"true\" class=\"e-font-icon-svg e-fas-angle-right\" viewbox=\"0 0 256 512\" xmlns=\"http:\/\/www.w3.org\/2000\/svg\"><path d=\"M224.3 273l-136 136c-9.4 9.4-24.6 9.4-33.9 0l-22.6-22.6c-9.4-9.4-9.4-24.6 0-33.9l96.4-96.4-96.4-96.4c-9.4-9.4-9.4-24.6 0-33.9L54.3 103c9.4-9.4 24.6-9.4 33.9 0l136 136c9.5 9.4 9.5 24.6.1 34z\"><\/path><\/svg>\t\t\t<\/span>\n\t\t\t\t\t\t\t\t\t<span class=\"elementor-button-text\">Book Now<\/span>\n\t\t\t\t\t<\/span>\n\t\t\t\t\t<\/a>\n\t\t\t\t\t\t\t\t<\/div>\n\t\t\t\t<\/div>\n\t\t<div class=\"elementor-element elementor-element-c189f56 e-con-full e-flex e-con e-child\" data-id=\"c189f56\" data-element_type=\"container\">\n\t\t\t\t<div class=\"elementor-element elementor-element-93cced7 elementor-widget elementor-widget-image\" data-id=\"93cced7\" data-element_type=\"widget\" data-widget_type=\"image.default\">\n\t\t\t\t\t\t\t\t\t\t\t\t\t\t\t<img fetchpriority=\"high\" decoding=\"async\" width=\"455\" height=\"455\" src=\"https:\/\/saloncabo.com\/wp-content\/uploads\/2025\/11\/download-2025-11-11T152530.345.webp\" class=\"attachment-large size-large wp-image-572\" alt=\"u\u00f1as naturales Cabo San Lucas\" srcset=\"https:\/\/saloncabo.com\/wp-content\/uploads\/2025\/11\/download-2025-11-11T152530.345.webp 455w, https:\/\/saloncabo.com\/wp-content\/uploads\/2025\/11\/download-2025-11-11T152530.345-300x300.webp 300w, https:\/\/saloncabo.com\/wp-content\/uploads\/2025\/11\/download-2025-11-11T152530.345-150x150.webp 150w, https:\/\/saloncabo.com\/wp-content\/uploads\/2025\/11\/download-2025-11-11T152530.345-12x12.webp 12w\" sizes=\"(max-width: 455px) 100vw, 455px\" \/>\t\t\t\t\t\t\t\t\t\t\t\t\t\t\t<\/div>\n\t\t\t\t<\/div>\n\t\t\t\t\t<\/div>\n\t\t\t\t<\/div>\n\t\t\t\t<\/div>","protected":false},"excerpt":{"rendered":"<p>Belleza Duradera con Gel en U\u00f1a Natural Descubre el cuidado profesional con Gel en U\u00f1a Natural en Modern Salon by Sabrina, Cabo San Lucas. Esta t\u00e9cnica realza la belleza de tus u\u00f1as, proporcionando un acabado brillante, fuerte y duradero. Ideal para mantener u\u00f1as saludables y elegantes sin comprometer su integridad natural. Nuestros especialistas aplican gel [&hellip;]<\/p>","protected":false},"author":2,"featured_media":572,"parent":0,"menu_order":0,"comment_status":"closed","ping_status":"closed","template":"","meta":{"content-type":"","footnotes":""},"class_list":["post-865","page","type-page","status-publish","has-post-thumbnail","hentry"],"_links":{"self":[{"href":"https:\/\/saloncabo.com\/en\/wp-json\/wp\/v2\/pages\/865","targetHints":{"allow":["GET"]}}],"collection":[{"href":"https:\/\/saloncabo.com\/en\/wp-json\/wp\/v2\/pages"}],"about":[{"href":"https:\/\/saloncabo.com\/en\/wp-json\/wp\/v2\/types\/page"}],"author":[{"embeddable":true,"href":"https:\/\/saloncabo.com\/en\/wp-json\/wp\/v2\/users\/2"}],"replies":[{"embeddable":true,"href":"https:\/\/saloncabo.com\/en\/wp-json\/wp\/v2\/comments?post=865"}],"version-history":[{"count":10,"href":"https:\/\/saloncabo.com\/en\/wp-json\/wp\/v2\/pages\/865\/revisions"}],"predecessor-version":[{"id":1116,"href":"https:\/\/saloncabo.com\/en\/wp-json\/wp\/v2\/pages\/865\/revisions\/1116"}],"wp:featuredmedia":[{"embeddable":true,"href":"https:\/\/saloncabo.com\/en\/wp-json\/wp\/v2\/media\/572"}],"wp:attachment":[{"href":"https:\/\/saloncabo.com\/en\/wp-json\/wp\/v2\/media?parent=865"}],"curies":[{"name":"wp","href":"https:\/\/api.w.org\/{rel}","templated":true}]}}