{"id":873,"date":"2025-11-12T05:18:33","date_gmt":"2025-11-12T05:18:33","guid":{"rendered":"https:\/\/saloncabo.com\/?page_id=873"},"modified":"2025-11-18T04:37:25","modified_gmt":"2025-11-18T04:37:25","slug":"clasico","status":"publish","type":"page","link":"https:\/\/saloncabo.com\/en\/clasico\/","title":{"rendered":"Classic"},"content":{"rendered":"<div data-elementor-type=\"wp-page\" data-elementor-id=\"873\" class=\"elementor elementor-873\" data-elementor-post-type=\"page\">\n\t\t\t\t<div class=\"elementor-element elementor-element-2d1dbee e-flex e-con-boxed e-con e-parent\" data-id=\"2d1dbee\" data-element_type=\"container\" data-settings=\"{&quot;background_background&quot;:&quot;classic&quot;}\">\n\t\t\t\t\t<div class=\"e-con-inner\">\n\t\t<div class=\"elementor-element elementor-element-3b4e0a1 e-con-full e-flex e-con e-child\" data-id=\"3b4e0a1\" data-element_type=\"container\">\n\t\t\t\t<\/div>\n\t\t\t\t\t<\/div>\n\t\t\t\t<\/div>\n\t\t<div class=\"elementor-element elementor-element-8398f16 e-flex e-con-boxed e-con e-parent\" data-id=\"8398f16\" data-element_type=\"container\">\n\t\t\t\t\t<div class=\"e-con-inner\">\n\t\t<div class=\"elementor-element elementor-element-31389a3 e-con-full e-flex e-con e-child\" data-id=\"31389a3\" data-element_type=\"container\">\n\t\t\t\t<div class=\"elementor-element elementor-element-a261102 elementor-invisible elementor-widget elementor-widget-heading\" data-id=\"a261102\" data-element_type=\"widget\" data-settings=\"{&quot;_animation&quot;:&quot;fadeInUp&quot;}\" data-widget_type=\"heading.default\">\n\t\t\t\t\t<h2 class=\"elementor-heading-title elementor-size-default\">Classic Cut for a Timeless and Elegant Style<\/h2>\t\t\t\t<\/div>\n\t\t\t\t<div class=\"elementor-element elementor-element-0ba5133 elementor-widget elementor-widget-text-editor\" data-id=\"0ba5133\" data-element_type=\"widget\" data-widget_type=\"text-editor.default\">\n\t\t\t\t\t\t\t\t\t<p data-start=\"71\" data-end=\"344\">Discover the <strong data-start=\"128\" data-end=\"145\">Classic Cut<\/strong> at Modern Salon by Sabrina, Cabo San Lucas, designed to highlight your natural style with timeless elegance. Our professional approach ensures precision and a flawless finish with every visit.<\/p><p data-start=\"346\" data-end=\"644\">Ideal for any occasion, the <strong data-start=\"379\" data-end=\"396\">Classic Cut<\/strong> combines versatility and sophistication, ensuring your hair always looks healthy and perfectly styled. Our expert stylists tailor the cut to your face shape and hair texture, achieving personalized and long-lasting results.<\/p><p data-start=\"646\" data-end=\"788\" data-is-last-node=\"\" data-is-only-node=\"\">Trust Modern Salon for a <strong data-start=\"677\" data-end=\"694\">Classic Cut<\/strong> look that boosts your confidence and enhances your natural beauty. Book your appointment today and transform your style.<\/p>\t\t\t\t\t\t\t\t<\/div>\n\t\t\t\t<div class=\"elementor-element elementor-element-8166f80 elementor-invisible elementor-widget elementor-widget-button\" data-id=\"8166f80\" data-element_type=\"widget\" data-settings=\"{&quot;_animation&quot;:&quot;fadeIn&quot;}\" data-widget_type=\"button.default\">\n\t\t\t\t\t\t\t\t\t\t<a class=\"elementor-button elementor-button-link elementor-size-sm elementor-animation-bob\" href=\"https:\/\/saloncabo.com\/en\/book-now\/\">\n\t\t\t\t\t\t<span class=\"elementor-button-content-wrapper\">\n\t\t\t\t\t\t<span class=\"elementor-button-icon\">\n\t\t\t\t<svg aria-hidden=\"true\" class=\"e-font-icon-svg e-fas-angle-right\" viewbox=\"0 0 256 512\" xmlns=\"http:\/\/www.w3.org\/2000\/svg\"><path d=\"M224.3 273l-136 136c-9.4 9.4-24.6 9.4-33.9 0l-22.6-22.6c-9.4-9.4-9.4-24.6 0-33.9l96.4-96.4-96.4-96.4c-9.4-9.4-9.4-24.6 0-33.9L54.3 103c9.4-9.4 24.6-9.4 33.9 0l136 136c9.5 9.4 9.5 24.6.1 34z\"><\/path><\/svg>\t\t\t<\/span>\n\t\t\t\t\t\t\t\t\t<span class=\"elementor-button-text\">Book Now<\/span>\n\t\t\t\t\t<\/span>\n\t\t\t\t\t<\/a>\n\t\t\t\t\t\t\t\t<\/div>\n\t\t\t\t<\/div>\n\t\t<div class=\"elementor-element elementor-element-33163b3 e-con-full e-flex e-con e-child\" data-id=\"33163b3\" data-element_type=\"container\">\n\t\t\t\t<div class=\"elementor-element elementor-element-b6e49b1 elementor-widget elementor-widget-image\" data-id=\"b6e49b1\" data-element_type=\"widget\" data-widget_type=\"image.default\">\n\t\t\t\t\t\t\t\t\t\t\t\t\t\t\t<img fetchpriority=\"high\" decoding=\"async\" width=\"455\" height=\"455\" src=\"https:\/\/saloncabo.com\/wp-content\/uploads\/2025\/11\/download-2025-11-11T152007.330.webp\" class=\"attachment-large size-large wp-image-563\" alt=\"Corte de cabello completo para mujeres\" srcset=\"https:\/\/saloncabo.com\/wp-content\/uploads\/2025\/11\/download-2025-11-11T152007.330.webp 455w, https:\/\/saloncabo.com\/wp-content\/uploads\/2025\/11\/download-2025-11-11T152007.330-300x300.webp 300w, https:\/\/saloncabo.com\/wp-content\/uploads\/2025\/11\/download-2025-11-11T152007.330-150x150.webp 150w, https:\/\/saloncabo.com\/wp-content\/uploads\/2025\/11\/download-2025-11-11T152007.330-12x12.webp 12w\" sizes=\"(max-width: 455px) 100vw, 455px\" \/>\t\t\t\t\t\t\t\t\t\t\t\t\t\t\t<\/div>\n\t\t\t\t<\/div>\n\t\t\t\t\t<\/div>\n\t\t\t\t<\/div>\n\t\t\t\t<\/div>","protected":false},"excerpt":{"rendered":"<p>Corte Cl\u00e1sico para Estilo Atemporal y Elegante Descubre el Corte Cl\u00e1sico en Modern Salon by Sabrina, Cabo San Lucas, dise\u00f1ado para resaltar tu estilo natural con elegancia atemporal. Nuestro enfoque profesional garantiza precisi\u00f3n y un acabado impecable en cada visita. Ideal para cualquier ocasi\u00f3n, el Corte Cl\u00e1sico combina versatilidad y sofisticaci\u00f3n, asegurando que tu cabello [&hellip;]<\/p>","protected":false},"author":2,"featured_media":563,"parent":0,"menu_order":0,"comment_status":"closed","ping_status":"closed","template":"","meta":{"content-type":"","footnotes":""},"class_list":["post-873","page","type-page","status-publish","has-post-thumbnail","hentry"],"_links":{"self":[{"href":"https:\/\/saloncabo.com\/en\/wp-json\/wp\/v2\/pages\/873","targetHints":{"allow":["GET"]}}],"collection":[{"href":"https:\/\/saloncabo.com\/en\/wp-json\/wp\/v2\/pages"}],"about":[{"href":"https:\/\/saloncabo.com\/en\/wp-json\/wp\/v2\/types\/page"}],"author":[{"embeddable":true,"href":"https:\/\/saloncabo.com\/en\/wp-json\/wp\/v2\/users\/2"}],"replies":[{"embeddable":true,"href":"https:\/\/saloncabo.com\/en\/wp-json\/wp\/v2\/comments?post=873"}],"version-history":[{"count":13,"href":"https:\/\/saloncabo.com\/en\/wp-json\/wp\/v2\/pages\/873\/revisions"}],"predecessor-version":[{"id":1156,"href":"https:\/\/saloncabo.com\/en\/wp-json\/wp\/v2\/pages\/873\/revisions\/1156"}],"wp:featuredmedia":[{"embeddable":true,"href":"https:\/\/saloncabo.com\/en\/wp-json\/wp\/v2\/media\/563"}],"wp:attachment":[{"href":"https:\/\/saloncabo.com\/en\/wp-json\/wp\/v2\/media?parent=873"}],"curies":[{"name":"wp","href":"https:\/\/api.w.org\/{rel}","templated":true}]}}