{"id":883,"date":"2025-11-12T05:25:39","date_gmt":"2025-11-12T05:25:39","guid":{"rendered":"https:\/\/saloncabo.com\/?page_id=883"},"modified":"2025-11-19T18:01:02","modified_gmt":"2025-11-19T18:01:02","slug":"volumen-ruso","status":"publish","type":"page","link":"https:\/\/saloncabo.com\/en\/volumen-ruso\/","title":{"rendered":"Russian Volume"},"content":{"rendered":"<div data-elementor-type=\"wp-page\" data-elementor-id=\"883\" class=\"elementor elementor-883\" data-elementor-post-type=\"page\">\n\t\t\t\t<div class=\"elementor-element elementor-element-5e78ad7 e-flex e-con-boxed e-con e-parent\" data-id=\"5e78ad7\" data-element_type=\"container\" data-settings=\"{&quot;background_background&quot;:&quot;classic&quot;}\">\n\t\t\t\t\t<div class=\"e-con-inner\">\n\t\t<div class=\"elementor-element elementor-element-57811cf e-con-full e-flex e-con e-child\" data-id=\"57811cf\" data-element_type=\"container\">\n\t\t\t\t<\/div>\n\t\t\t\t\t<\/div>\n\t\t\t\t<\/div>\n\t\t<div class=\"elementor-element elementor-element-50c5f6b e-flex e-con-boxed e-con e-parent\" data-id=\"50c5f6b\" data-element_type=\"container\">\n\t\t\t\t\t<div class=\"e-con-inner\">\n\t\t<div class=\"elementor-element elementor-element-ef3f89f e-con-full e-flex e-con e-child\" data-id=\"ef3f89f\" data-element_type=\"container\">\n\t\t\t\t<div class=\"elementor-element elementor-element-f833288 elementor-invisible elementor-widget elementor-widget-heading\" data-id=\"f833288\" data-element_type=\"widget\" data-settings=\"{&quot;_animation&quot;:&quot;fadeInUp&quot;}\" data-widget_type=\"heading.default\">\n\t\t\t\t\t<h2 class=\"elementor-heading-title elementor-size-default\">Enhance Your Look with Russian Volume<\/h2>\t\t\t\t<\/div>\n\t\t\t\t<div class=\"elementor-element elementor-element-3f4a965 elementor-widget elementor-widget-text-editor\" data-id=\"3f4a965\" data-element_type=\"widget\" data-widget_type=\"text-editor.default\">\n\t\t\t\t\t\t\t\t\t<p data-start=\"58\" data-end=\"353\">Discover the elegance and sophistication of our <strong data-start=\"166\" data-end=\"182\">Russian Volume<\/strong> at Modern Salon by Sabrina, Cabo San Lucas. This advanced eyelash extension technique provides a full, lightweight, and natural finish that instantly enhances your eyes.<\/p><p data-start=\"355\" data-end=\"604\">Our specialists apply each lash with precision, creating a three-dimensional effect that adds density and definition without damaging your natural lashes. Ideal for those seeking a dramatic and long-lasting look for events, weddings, or everyday wear.<\/p><p data-start=\"606\" data-end=\"804\" data-is-last-node=\"\" data-is-only-node=\"\">With the highest-quality products and personalized care, the <strong data-start=\"671\" data-end=\"687\">Russian Volume<\/strong> guarantees stunning and comfortable results. Book your appointment today and transform your look with style and glamour.<\/p>\t\t\t\t\t\t\t\t<\/div>\n\t\t\t\t<div class=\"elementor-element elementor-element-9ceeadd elementor-invisible elementor-widget elementor-widget-button\" data-id=\"9ceeadd\" data-element_type=\"widget\" data-settings=\"{&quot;_animation&quot;:&quot;fadeIn&quot;}\" data-widget_type=\"button.default\">\n\t\t\t\t\t\t\t\t\t\t<a class=\"elementor-button elementor-button-link elementor-size-sm elementor-animation-bob\" href=\"https:\/\/saloncabo.com\/en\/book-now\/\">\n\t\t\t\t\t\t<span class=\"elementor-button-content-wrapper\">\n\t\t\t\t\t\t<span class=\"elementor-button-icon\">\n\t\t\t\t<svg aria-hidden=\"true\" class=\"e-font-icon-svg e-fas-angle-right\" viewbox=\"0 0 256 512\" xmlns=\"http:\/\/www.w3.org\/2000\/svg\"><path d=\"M224.3 273l-136 136c-9.4 9.4-24.6 9.4-33.9 0l-22.6-22.6c-9.4-9.4-9.4-24.6 0-33.9l96.4-96.4-96.4-96.4c-9.4-9.4-9.4-24.6 0-33.9L54.3 103c9.4-9.4 24.6-9.4 33.9 0l136 136c9.5 9.4 9.5 24.6.1 34z\"><\/path><\/svg>\t\t\t<\/span>\n\t\t\t\t\t\t\t\t\t<span class=\"elementor-button-text\">Book Now<\/span>\n\t\t\t\t\t<\/span>\n\t\t\t\t\t<\/a>\n\t\t\t\t\t\t\t\t<\/div>\n\t\t\t\t<\/div>\n\t\t<div class=\"elementor-element elementor-element-d9f3603 e-con-full e-flex e-con e-child\" data-id=\"d9f3603\" data-element_type=\"container\">\n\t\t\t\t<div class=\"elementor-element elementor-element-63c4690 elementor-widget elementor-widget-image\" data-id=\"63c4690\" data-element_type=\"widget\" data-widget_type=\"image.default\">\n\t\t\t\t\t\t\t\t\t\t\t\t\t\t\t<img fetchpriority=\"high\" decoding=\"async\" width=\"455\" height=\"455\" src=\"https:\/\/saloncabo.com\/wp-content\/uploads\/2025\/11\/download-2025-11-11T152703.575.webp\" class=\"attachment-large size-large wp-image-578\" alt=\"Extensiones de Pesta\u00f1as Volumen Ruso | Modern Salon Cabo\" srcset=\"https:\/\/saloncabo.com\/wp-content\/uploads\/2025\/11\/download-2025-11-11T152703.575.webp 455w, https:\/\/saloncabo.com\/wp-content\/uploads\/2025\/11\/download-2025-11-11T152703.575-300x300.webp 300w, https:\/\/saloncabo.com\/wp-content\/uploads\/2025\/11\/download-2025-11-11T152703.575-150x150.webp 150w, https:\/\/saloncabo.com\/wp-content\/uploads\/2025\/11\/download-2025-11-11T152703.575-12x12.webp 12w\" sizes=\"(max-width: 455px) 100vw, 455px\" \/>\t\t\t\t\t\t\t\t\t\t\t\t\t\t\t<\/div>\n\t\t\t\t<\/div>\n\t\t\t\t\t<\/div>\n\t\t\t\t<\/div>\n\t\t\t\t<\/div>","protected":false},"excerpt":{"rendered":"<p>Realza tu Mirada con Volumen Ruso Descubre la elegancia y sofisticaci\u00f3n de nuestro Volumen Ruso en Modern Salon by Sabrina, Cabo San Lucas. Esta t\u00e9cnica avanzada de extensiones de pesta\u00f1as ofrece un acabado lleno, ligero y natural que realza tu mirada al instante. Nuestros especialistas aplican cada pesta\u00f1a con precisi\u00f3n, creando un efecto tridimensional que [&hellip;]<\/p>","protected":false},"author":2,"featured_media":578,"parent":0,"menu_order":0,"comment_status":"closed","ping_status":"closed","template":"","meta":{"content-type":"","footnotes":""},"class_list":["post-883","page","type-page","status-publish","has-post-thumbnail","hentry"],"_links":{"self":[{"href":"https:\/\/saloncabo.com\/en\/wp-json\/wp\/v2\/pages\/883","targetHints":{"allow":["GET"]}}],"collection":[{"href":"https:\/\/saloncabo.com\/en\/wp-json\/wp\/v2\/pages"}],"about":[{"href":"https:\/\/saloncabo.com\/en\/wp-json\/wp\/v2\/types\/page"}],"author":[{"embeddable":true,"href":"https:\/\/saloncabo.com\/en\/wp-json\/wp\/v2\/users\/2"}],"replies":[{"embeddable":true,"href":"https:\/\/saloncabo.com\/en\/wp-json\/wp\/v2\/comments?post=883"}],"version-history":[{"count":10,"href":"https:\/\/saloncabo.com\/en\/wp-json\/wp\/v2\/pages\/883\/revisions"}],"predecessor-version":[{"id":1127,"href":"https:\/\/saloncabo.com\/en\/wp-json\/wp\/v2\/pages\/883\/revisions\/1127"}],"wp:featuredmedia":[{"embeddable":true,"href":"https:\/\/saloncabo.com\/en\/wp-json\/wp\/v2\/media\/578"}],"wp:attachment":[{"href":"https:\/\/saloncabo.com\/en\/wp-json\/wp\/v2\/media?parent=883"}],"curies":[{"name":"wp","href":"https:\/\/api.w.org\/{rel}","templated":true}]}}